{"id":1895,"date":"2025-06-24T15:46:21","date_gmt":"2025-06-24T13:46:21","guid":{"rendered":"https:\/\/musiccompetitiononline.com\/?page_id=1895"},"modified":"2025-09-24T13:08:58","modified_gmt":"2025-09-24T11:08:58","slug":"results-2025","status":"publish","type":"page","link":"https:\/\/musiccompetitiononline.com\/index.php\/results-2025\/","title":{"rendered":"Results 2025"},"content":{"rendered":"\n<h5 class=\"wp-block-heading has-text-align-center\"><strong>Accordion<\/strong><\/h5>\n\n\n\n<p class=\"has-text-align-center\">Category III<\/p>\n\n\n\n<p>First Prize: <a href=\"https:\/\/www.youtube.com\/watch?v=MTlvkJYQx4s&amp;feature=youtu.be\" target=\"_blank\" rel=\"noopener\" title=\"\">Alen P\u0161ajd<\/a><\/p>\n\n\n\n<h5 class=\"wp-block-heading has-text-align-center\"><strong>Bassoon<\/strong><\/h5>\n\n\n\n<p class=\"has-text-align-center\">Category V<\/p>\n\n\n\n<p>First Prize with Honorable Mention: <a href=\"https:\/\/www.youtube.com\/watch?si=1uPmksi3e81IeeQO&amp;v=vwi_cAhpddc&amp;feature=youtu.be\" target=\"_blank\" rel=\"noopener\" title=\"\">Petar Pavli\u0161<\/a><\/p>\n\n\n\n<h5 class=\"wp-block-heading has-text-align-center\"><strong>Cello<\/strong><\/h5>\n\n\n\n<p class=\"has-text-align-center\">Category I<\/p>\n\n\n\n<p>First Prize: <a href=\"https:\/\/www.youtube.com\/watch?v=VZeFnZt3E7A&amp;feature=youtu.be\" target=\"_blank\" rel=\"noopener\" title=\"\">Lucija \u010cas<\/a><\/p>\n\n\n\n<h5 class=\"wp-block-heading has-text-align-center\"><strong>Flute<\/strong><\/h5>\n\n\n\n<p class=\"has-text-align-center\">Category I<\/p>\n\n\n\n<p>First Prize with Honorable Mention: <a href=\"https:\/\/www.youtube.com\/watch?v=5WX7Nzjz6eA&amp;feature=youtu.be\" target=\"_blank\" rel=\"noopener\" title=\"\">Tinkara Andolj\u0161ek<\/a><\/p>\n\n\n\n<p>First Prize: <a href=\"https:\/\/www.youtube.com\/watch?v=WtpZCjHd_OE&amp;feature=youtu.be\" target=\"_blank\" rel=\"noopener\" title=\"\">Janina Jakopi\u010d<\/a><\/p>\n\n\n\n<h5 class=\"wp-block-heading has-text-align-center\"><strong>Guitare<\/strong><\/h5>\n\n\n\n<p class=\"has-text-align-center\">Category III<\/p>\n\n\n\n<p>First Prize with Honorable Mention: Lucile Kapfer (<a href=\"https:\/\/www.youtube.com\/watch?v=ScJKEryxMeQ\" target=\"_blank\" rel=\"noopener\" title=\"\">1<\/a>, <a href=\"https:\/\/www.youtube.com\/watch?v=ScJKEryxMeQ++%253B+++https%253A%252Fyoutu.be%252FKsf25Jnbako%2509%C3%A9l%C3%A8ve+au+conservatoire+%C3%A0+rayonnement+r%C3%A9gional+de+Strasbourg+dans+la+classe+de+Hideaki+Tsuji+en+2C2&amp;feature=youtu.be\" target=\"_blank\" rel=\"noopener\" title=\"\">2<\/a>)<\/p>\n\n\n\n<h5 class=\"wp-block-heading has-text-align-center\"><strong>Harp<\/strong><\/h5>\n\n\n\n<p class=\"has-text-align-center\">Category I<\/p>\n\n\n\n<p>First Prize: Magdal\u00e9na Star\u00e1 (<a href=\"https:\/\/www.youtube.com\/shorts\/0XHG5aN5lLE\" target=\"_blank\" rel=\"noopener\" title=\"\">1<\/a>, <a href=\"https:\/\/www.youtube.com\/shorts\/0XHG5aN5lLE\" target=\"_blank\" rel=\"noopener\" title=\"\">2<\/a>)<\/p>\n\n\n\n<p>First Prize with Honorable Mention: Oliver Nemo (<a href=\"https:\/\/www.youtube.com\/watch?v=9gL0YHPW2do&amp;feature=youtu.be\" target=\"_blank\" rel=\"noopener\" title=\"\">1<\/a>, <a href=\"https:\/\/www.youtube.com\/watch?v=tFXk3V1s-68\" target=\"_blank\" rel=\"noopener\" title=\"\">2<\/a>, <a href=\"https:\/\/www.youtube.com\/watch?v=E4LbgttbkX4\" target=\"_blank\" rel=\"noopener\" title=\"\">3<\/a>)<\/p>\n\n\n\n<p class=\"has-text-align-center\">Category III<\/p>\n\n\n\n<p>Grand Prize with Honorable Mention: Kirke Maznova (<a href=\"https:\/\/www.youtube.com\/shorts\/X91R2ZcOKPg?feature=share\" target=\"_blank\" rel=\"noopener\" title=\"\">1<\/a>, <a href=\"https:\/\/www.youtube.com\/shorts\/cdv5PuqZins\" target=\"_blank\" rel=\"noopener\" title=\"\">2<\/a>, <a href=\"https:\/\/www.youtube.com\/shorts\/q-lg13k2K8A\" target=\"_blank\" rel=\"noopener\" title=\"\">3<\/a>, <a href=\"https:\/\/www.youtube.com\/shorts\/IqFZTu5WrBA\" target=\"_blank\" rel=\"noopener\" title=\"\">4<\/a>)<\/p>\n\n\n\n<p class=\"has-text-align-center\">Category IV<\/p>\n\n\n\n<p>First Prize: Michelle Nemo (<a href=\"https:\/\/www.youtube.com\/watch?v=tElgycxQXDc\" target=\"_blank\" rel=\"noopener\" title=\"\">1<\/a>, <a href=\"https:\/\/www.youtube.com\/watch?v=VK8QKO7XzQY&amp;feature=youtu.be\" target=\"_blank\" rel=\"noopener\" title=\"\">2<\/a>)<\/p>\n\n\n\n<p class=\"has-text-align-center\">Category VI<\/p>\n\n\n\n<p>First Prize: David Welsh (<a href=\"https:\/\/www.youtube.com\/watch?v=gA80ZIAvp48\" target=\"_blank\" rel=\"noopener\" title=\"\">1<\/a>, <a href=\"https:\/\/youtu.be\/53nFOFER0X4\" target=\"_blank\" rel=\"noopener\" title=\"\">2<\/a>)<\/p>\n\n\n\n<p class=\"has-text-align-center\">Category Amateur <\/p>\n\n\n\n<p>Dipl\u00f4ma: <a href=\"https:\/\/youtube.com\/shorts\/YReYNkQW7ls\" target=\"_blank\" rel=\"noopener\" title=\"\">Eva Koo<\/a><\/p>\n\n\n\n<h5 class=\"wp-block-heading has-text-align-center\">Oboe<\/h5>\n\n\n\n<p class=\"has-text-align-center\">Category II<\/p>\n\n\n\n<p>First Prize: <a href=\"https:\/\/youtu.be\/5AfOpYb8F98\" target=\"_blank\" rel=\"noopener\" title=\"\">Amelia Zajkowska<\/a><\/p>\n\n\n\n<h5 class=\"wp-block-heading has-text-align-center\">Piano<\/h5>\n\n\n\n<p class=\"has-text-align-center\">Category I<\/p>\n\n\n\n<p>First Prize: <a href=\"https:\/\/youtube.com\/shorts\/-yhBelJI20M\" target=\"_blank\" rel=\"noopener\" title=\"\">Ellie Beau<\/a><\/p>\n\n\n\n<p>First Prize: Lea Beau (<a href=\"https:\/\/youtube.com\/shorts\/csq6DFI70Lw\" target=\"_blank\" rel=\"noopener\" title=\"\">1<\/a>, <a href=\"https:\/\/www.youtube.com\/shorts\/m8lGz0OdaeQ\" target=\"_blank\" rel=\"noopener\" title=\"\">2<\/a>)<\/p>\n\n\n\n<p>First Prize: Eli\u0161ka Markov\u00e1 (<a href=\"https:\/\/www.youtube.com\/shorts\/YnPKI5lLJHg\" target=\"_blank\" rel=\"noopener\" title=\"\">1<\/a>, <a href=\"https:\/\/www.youtube.com\/shorts\/53RPwFRCeV4\" target=\"_blank\" rel=\"noopener\" title=\"\">2<\/a>, <a href=\"https:\/\/www.youtube.com\/shorts\/unw--ZhBs18\" target=\"_blank\" rel=\"noopener\" title=\"\">3<\/a>)<\/p>\n\n\n\n<p class=\"has-text-align-center\">Category II<\/p>\n\n\n\n<p>First Prize: <a href=\"https:\/\/youtu.be\/MMoXmaihjzo\" target=\"_blank\" rel=\"noopener\" title=\"\">Dora Valensk\u00e1<\/a><\/p>\n\n\n\n<p class=\"has-text-align-center\">Category III<\/p>\n\n\n\n<p>First Prize: <a href=\"https:\/\/youtu.be\/JxYHFF7xtSU\" target=\"_blank\" rel=\"noopener\" title=\"\">Hana Stopar Gor\u0161e<\/a><\/p>\n\n\n\n<p>First Prize: Olivia Bousoula (<a href=\"https:\/\/www.youtube.com\/watch?v=0QwOii1ez0w&amp;feature=youtu.be\" target=\"_blank\" rel=\"noopener\" title=\"\">1<\/a>, <a href=\"https:\/\/youtu.be\/AREj7fyqeeM\" target=\"_blank\" rel=\"noopener\" title=\"\">2<\/a>, <a href=\"https:\/\/youtu.be\/VC97ggqQMHA\" target=\"_blank\" rel=\"noopener\" title=\"\">3<\/a>)<\/p>\n\n\n\n<p class=\"has-text-align-center\">Category VII<\/p>\n\n\n\n<p>Dipl\u00f4ma: Ryan Holder (<a href=\"https:\/\/youtu.be\/ByaZkcf1VJA\" target=\"_blank\" rel=\"noopener\" title=\"\">1<\/a>, <a href=\"https:\/\/youtu.be\/QGE9K3IDJTo\" target=\"_blank\" rel=\"noopener\" title=\"\">2<\/a>)<\/p>\n\n\n\n<p>Dipl\u00f4ma: <a href=\"https:\/\/youtu.be\/SptCwo_Std4\" target=\"_blank\" rel=\"noopener\" title=\"\">Yu Bai<\/a><\/p>\n\n\n\n<h5 class=\"wp-block-heading has-text-align-center\">Viola<\/h5>\n\n\n\n<p>Dipl\u00f4ma: Emad Zolfaghari (<a href=\"https:\/\/www.youtube.com\/watch?si=5ZdeaDiJyIIgrcoY&amp;v=GbpvID3r_DU&amp;feature=youtu.be\" target=\"_blank\" rel=\"noopener\" title=\"\">1<\/a>, <a href=\"https:\/\/youtu.be\/zU6PJF8vSlQ?si=shYaXYjtrvjXByFx\" target=\"_blank\" rel=\"noopener\" title=\"\">2<\/a>, <a href=\"https:\/\/youtu.be\/XQZ_RnyWOIw?si=bZKKQUhbQ3HyLr9N\" target=\"_blank\" rel=\"noopener\" title=\"\">3<\/a>)<\/p>\n\n\n\n<p class=\"has-text-align-center\">Category II<\/p>\n\n\n\n<p>First Prize: <a href=\"https:\/\/youtu.be\/FHWTc83LMtY\" target=\"_blank\" rel=\"noopener\" title=\"\">Natalia Lidia Mazurek<\/a><\/p>\n\n\n\n<h5 class=\"wp-block-heading has-text-align-center\"><br>Violin<\/h5>\n\n\n\n<p class=\"has-text-align-center\">Category I<\/p>\n\n\n\n<p>First Prize: Hana Ajeti (<a href=\"https:\/\/www.youtube.com\/watch?v=qugdVII2LyE\" target=\"_blank\" rel=\"noopener\" title=\"\">1<\/a>, <a href=\"https:\/\/www.youtube.com\/watch?v=cTwfAVw_RG4\" target=\"_blank\" rel=\"noopener\" title=\"\">2<\/a>)<\/p>\n\n\n\n<p>First Prize: Diana \u0160egovc (<a href=\"https:\/\/youtu.be\/3OiFay4smhQ\" target=\"_blank\" rel=\"noopener\" title=\"\">1<\/a>, <a href=\"https:\/\/youtu.be\/bxyavDJJZ_E\" target=\"_blank\" rel=\"noopener\" title=\"\">2<\/a>)<\/p>\n\n\n\n<p>First Prize with Honorable Mention: <a href=\"https:\/\/youtu.be\/euE-A30CWt8\" target=\"_blank\" rel=\"noopener\" title=\"\">Patrik Haxhiu<\/a><\/p>\n\n\n\n<p class=\"has-text-align-center\">Category II<\/p>\n\n\n\n<p>First Prize with Honorable Mention: Liza Jashari (<a href=\"https:\/\/www.youtube.com\/watch?v=db88oOiyR6k&amp;list=RDdb88oOiyR6k&amp;start_radio=1\" target=\"_blank\" rel=\"noopener\" title=\"\">1<\/a>, <a href=\"https:\/\/www.youtube.com\/watch?v=Ji3vv5881oo&amp;list=RDJi3vv5881oo&amp;start_radio=1\" target=\"_blank\" rel=\"noopener\" title=\"\">2<\/a>, <a href=\"https:\/\/www.youtube.com\/watch?v=-5KeAN1t67Q&amp;feature=youtu.be\" target=\"_blank\" rel=\"noopener\" title=\"\">3<\/a>)<\/p>\n\n\n\n<p>First Prize with Honorable Mention: <a href=\"https:\/\/youtu.be\/DrsdBdV3Cb0\" target=\"_blank\" rel=\"noopener\" title=\"\">Robert Haxhiu<\/a><\/p>\n\n\n\n<p class=\"has-text-align-center\">Category III<\/p>\n\n\n\n<p>Second Prize: <a href=\"https:\/\/www.youtube.com\/watch?v=Zuik8nQXZNM\" target=\"_blank\" rel=\"noopener\" title=\"\">Karl\u012bna T\u012blika<\/a><\/p>\n\n\n\n<h5 class=\"wp-block-heading has-text-align-center\">Voice<\/h5>\n\n\n\n<p class=\"has-text-align-center\">Category VII<\/p>\n\n\n\n<p>Dipl\u00f4ma: <a href=\"https:\/\/youtu.be\/s-_1JRSxYR0\" target=\"_blank\" rel=\"noopener\" title=\"\">Yihang Chen<\/a><\/p>\n\n\n\n<p class=\"has-text-align-center\">Category Grand Prize<\/p>\n\n\n\n<p>Second Prize: <a href=\"https:\/\/youtu.be\/N7KvI6j19cU\" target=\"_blank\" rel=\"noopener\" title=\"\">Philippe Sarrouy<\/a><\/p>\n\n\n\n<h5 class=\"wp-block-heading has-text-align-center\">Chamber Music<\/h5>\n\n\n\n<p>Third Prize: <a href=\"https:\/\/youtu.be\/MbktUp6JgG4\" target=\"_blank\" rel=\"noopener\" title=\"\">Pretty Trio<\/a><\/p>\n\n\n\n<p>Third Prize: <a href=\"https:\/\/youtu.be\/PJy5pvS9NS4\" target=\"_blank\" rel=\"noopener\" title=\"\">Amael Trio<\/a> (Zoltan Peter, piano &#8211; Volodja Bal\u017ealorsky, violin &#8211; Damir Hamidullin, cello)<\/p>\n","protected":false},"excerpt":{"rendered":"<p>Accordion Category III First Prize: Alen P\u0161ajd Bassoon Category V First Prize with Honorable Mention: Petar Pavli\u0161 Cello Category I First Prize: Lucija \u010cas Flute Category I First Prize with Honorable Mention: Tinkara Andolj\u0161ek First Prize: Janina Jakopi\u010d Guitare Category III First Prize with Honorable Mention: Lucile Kapfer (1, 2) Harp Category I First Prize:<a class=\"more-link\" href=\"https:\/\/musiccompetitiononline.com\/index.php\/results-2025\/\">Lire la suite <span class=\"screen-reader-text\">\u00ab\u00a0Results 2025\u00a0\u00bb<\/span><\/a><\/p>\n","protected":false},"author":1,"featured_media":0,"parent":0,"menu_order":0,"comment_status":"closed","ping_status":"closed","template":"","meta":{"_monsterinsights_skip_tracking":false,"_monsterinsights_sitenote_active":false,"_monsterinsights_sitenote_note":"","_monsterinsights_sitenote_category":0,"footnotes":""},"class_list":["post-1895","page","type-page","status-publish","hentry","entry"],"aioseo_notices":[],"_links":{"self":[{"href":"https:\/\/musiccompetitiononline.com\/index.php\/wp-json\/wp\/v2\/pages\/1895","targetHints":{"allow":["GET"]}}],"collection":[{"href":"https:\/\/musiccompetitiononline.com\/index.php\/wp-json\/wp\/v2\/pages"}],"about":[{"href":"https:\/\/musiccompetitiononline.com\/index.php\/wp-json\/wp\/v2\/types\/page"}],"author":[{"embeddable":true,"href":"https:\/\/musiccompetitiononline.com\/index.php\/wp-json\/wp\/v2\/users\/1"}],"replies":[{"embeddable":true,"href":"https:\/\/musiccompetitiononline.com\/index.php\/wp-json\/wp\/v2\/comments?post=1895"}],"version-history":[{"count":9,"href":"https:\/\/musiccompetitiononline.com\/index.php\/wp-json\/wp\/v2\/pages\/1895\/revisions"}],"predecessor-version":[{"id":1955,"href":"https:\/\/musiccompetitiononline.com\/index.php\/wp-json\/wp\/v2\/pages\/1895\/revisions\/1955"}],"wp:attachment":[{"href":"https:\/\/musiccompetitiononline.com\/index.php\/wp-json\/wp\/v2\/media?parent=1895"}],"curies":[{"name":"wp","href":"https:\/\/api.w.org\/{rel}","templated":true}]}}